{"id":2,"date":"2014-04-09T04:46:32","date_gmt":"2014-04-09T04:46:32","guid":{"rendered":"http:\/\/localhost\/wordpress-3.8.2\/wordpress\/?page_id=2"},"modified":"2023-03-12T14:51:06","modified_gmt":"2023-03-12T14:51:06","slug":"sample-page","status":"publish","type":"page","link":"https:\/\/online-naturheilpraxis.de\/?page_id=2","title":{"rendered":"Klassische Hom\u00f6opathie"},"content":{"rendered":"<p style=\"text-align: justify;\">Seit ich mich auf die Hom\u00f6opathie eingelassen habe, l\u00e4sst sie mich nicht mehr los. Es fasziniert mich, wie sehr diese Heilmethode die Individualit\u00e4t eines Menschen ber\u00fccksichtigt , wie weitreichend ihre Einsatzm\u00f6glichkeiten sind und wie aktuell der hom\u00f6opathische Ansatz ist.<\/p>\n<p style=\"text-align: justify;\">W\u00e4hrend die naturwissenschaftliche Forschung in immer detailliertere Zusammenh\u00e4nge vordringt und wichtige Erkenntnisse f\u00fcr die Entstehung von Krankheiten vorlegt, hat die Hom\u00f6opathie schon immer den Blick auf energetische Prozesse gehabt, d.h. sie setzt dort an, wo das Leben seinen Ursprung und sein Ende hat: an der Lebenskraft; eine Energie, die bisher nicht mit naturwissenschaftlichen Erkl\u00e4rungen fassbar ist.<\/p>\n<p style=\"text-align: justify;\">Die Klassische Hom\u00f6opathie ist eine \u00fcber 200 Jahre alte Heilmethode, die von dem Arzt Samuel Hahnemann ma\u00dfgeblich entwickelt wurde.Hahnemann sah als Grundlage einer jeden Erkrankung eine Verstimmung der oben genannten Lebenskraft des Patienten.<br \/>\nMit dem Tod erlischt diese Lebenskraft.<\/p>\n<p style=\"text-align: justify;\">&#8222;Im gesunden Zustande des Menschen waltet die <strong>geistartige<\/strong>, als DYNAMIS den materiellen K\u00f6rper belebende Lebenskraft unumschr\u00e4nkt und h\u00e4lt alle seine Theile in bewundernsw\u00fcrdig harmonischem Lebensgange&#8220; ,Samuel Hahnemann 1842.<\/p>\n<div id=\"attachment_79\" style=\"width: 210px\" class=\"wp-caption alignnone\"><a href=\"https:\/\/online-naturheilpraxis.de\/wp-content\/uploads\/2014\/04\/Hahnemann.jpg\"><img loading=\"lazy\" decoding=\"async\" aria-describedby=\"caption-attachment-79\" class=\"wp-image-79 size-full\" title=\"Samuel Hahnemann, 1842\" src=\"https:\/\/online-naturheilpraxis.de\/wp-content\/uploads\/2014\/04\/Hahnemann.jpg\" alt=\"Hahnemann\" width=\"200\" height=\"241\" \/><\/a><p id=\"caption-attachment-79\" class=\"wp-caption-text\">Samuel Hahnemann<\/p><\/div>\n<p style=\"text-align: justify;\">Die folgenden Ausf\u00fchrungen stellen die Wirkungsweise der Hom\u00f6opathie aus der Perspektive der hom\u00f6opathischen Denkweise dar. Diese arbeitet mit Denkmodellen, da eine naturwissenschaftliche Betrachtungsweise der Hom\u00f6opathie nicht gerecht wird.<\/p>\n<p style=\"text-align: justify;\">Hom\u00f6opathische Arzneimittel haben das Ziel, die Lebenskraft zu st\u00e4rken, so dass ein Mensch aus eigener Kraft gesunden kann.<\/p>\n<p style=\"text-align: justify;\">Bei der Auswahl der passenden Arzneimittel f\u00fcr einen Menschen wird nach dem sogenannten \u00c4hnlichkeitsprinzip verfahren:<\/p>\n<p style=\"text-align: justify;\">&#8222;Similia similibus curentur&#8220;- \u00c4hnliches werde mit \u00c4hnlichem geheilt (Leitsatz der Hom\u00f6opathie).<\/p>\n<p style=\"text-align: justify;\">Dies bedeutet: das hom\u00f6opathische Arzneimittel ist (oder w\u00e4re) in der Lage, beim gesunden Menschen \u00e4hnliche Krankheitssymptome zu erzeugen wie es beim kranken Menschen heilt.<\/p>\n<p style=\"text-align: justify;\">Anders ausgedr\u00fcckt:man w\u00e4hlt f\u00fcr den kranken Menschen ein Arzneimittel\/eine Substanz\u00a0 aus, welche\/s in der Lage ist, dieselben Symptome zu erzeugen, die der Kranke aufweist. Die Kenntnisse dar\u00fcber, welche Symptome eine Substanz ausl\u00f6sen kann, stammen aus &#8222;Arzneimittelpr\u00fcfungen&#8220;, bei der diese Substanz Versuchspersonen gegeben wurde und die aufgetretenen Symptome systematisch erfasst wurden.<\/p>\n<p style=\"text-align: justify;\">Seine heilende Wirkung entfaltet das Arzneimittel dann aufgrund seiner Zubereitung: die hom\u00f6opathischen Arzneimittel werden potenziert, das hei\u00dft : sie werden mit Wasser\/ Alkohol \/ Milchzucker verd\u00fcnnt und versch\u00fcttelt\/verrieben, wobei sich ihre krankmachende Wirkung aufgrund der hohen Verd\u00fcnnung verliert und sich ihre heilende Wirkung aufgrund der sog. Dynamisierung ( der Versch\u00fcttelung oder Verreibung) verst\u00e4rkt, denn hierdurch entfalten gerade die h\u00f6heren und hohen Verd\u00fcnnungen\/Potenzen ( z.B. C 30, C200, C 1000&#8230;) eine starke Reizwirkung auf den Organismus, um sich selbst zu heilen.<\/p>\n<p style=\"text-align: justify;\">Die Kunst eines klassisch arbeitenden Hom\u00f6opathen\/einer Hom\u00f6opathin ist es, das passende Heilmittel f\u00fcr den jeweiligen Patienten herauszufinden.<\/p>\n<div id=\"attachment_180\" style=\"width: 860px\" class=\"wp-caption alignnone\"><a href=\"https:\/\/online-naturheilpraxis.de\/wp-content\/uploads\/2014\/06\/Paeonia.jpg\"><img loading=\"lazy\" decoding=\"async\" aria-describedby=\"caption-attachment-180\" class=\"  wp-image-180\" title=\"Paeonia\" src=\"http:\/\/heilen-mit-homoeopathie.de\/wp-content\/uploads\/2014\/06\/Paeonia.jpg\" alt=\"Paeonia\" width=\"850\" height=\"638\" srcset=\"https:\/\/online-naturheilpraxis.de\/wp-content\/uploads\/2014\/06\/Paeonia.jpg 850w, https:\/\/online-naturheilpraxis.de\/wp-content\/uploads\/2014\/06\/Paeonia-300x225.jpg 300w, https:\/\/online-naturheilpraxis.de\/wp-content\/uploads\/2014\/06\/Paeonia-399x300.jpg 399w\" sizes=\"auto, (max-width: 850px) 100vw, 850px\" \/><\/a><p id=\"caption-attachment-180\" class=\"wp-caption-text\">Paeonia (Pfingstrose) in der Hochpotenz C 200. Zur Herstellung der Globuli (Streuk\u00fcgelchen) werden die Wurzeln der Pflanze verarbeitet.<\/p><\/div>\n<p style=\"text-align: justify;\">Um das passende Mittel zu finden, ist ein ausf\u00fchrliches Erstgespr\u00e4ch erforderlich.<\/p>\n<p style=\"text-align: justify;\">In diesem Gespr\u00e4ch werden die k\u00f6rperlichen und psychischen Beschwerden des Patienten erfasst, sowie wird &#8211; soweit m\u00f6glich &#8211; der Mensch in seiner Individualit\u00e4t wahrgenommen . Die Klassische Hom\u00f6opathie ist damit eine ganzheitliche Therapie.<\/p>\n<p style=\"text-align: justify;\">Nach diesem Erstgespr\u00e4ch ben\u00f6tige ich noch etwas Zeit, um ein passendes Mittel auszuw\u00e4hlen, und um dessen St\u00e4rke und Dosierung festzulegen.<\/p>\n<p style=\"text-align: justify;\">H\u00e4ufige Kritik an der Hom\u00f6opathie ist, dass die Mittel so stark verd\u00fcnnt sind, dass sie gar keine Wirkung mehr haben k\u00f6nnen. Es ist richtig, dass die Mittel ab einer Potenz von C 12 und D 24 physikalisch kein Molek\u00fcl des Ausgangsstoffes mehr enthalten.<\/p>\n<p style=\"text-align: justify;\">In der Hom\u00f6opathie geht es jedoch nicht darum, dem K\u00f6rper einen Stoff zuzuf\u00fchren, sondern dessen Energie und Information, die dann zur Heilung f\u00fchren k\u00f6nnen.<\/p>\n<p style=\"text-align: justify;\">Das naturwissenschaftliche Prinzip &#8222;Viel Wirkstoff= starke Wirkung&#8220; wird in der Hom\u00f6opathie umgekehrt : Wenig Wirkstoff\/Hohe Potenz= starke Wirkung. Dabei ist die Dynamisierung (=Versch\u00fcttelung\/Verreibung) von entscheidender Bedeutung.Ohne diese,\u00a0 so haben zahlreiche Versuche ergeben, bleibt eine verd\u00fcnnte Substanz weitgehend\u00a0 wirkungslos. Bei dieser Dynamisierung geht nach dem Denkmodell der Hom\u00f6opathen die Information\/die Energie des Ausgangsstoffes auf den Tr\u00e4gerstoff (Wasser\/Alkohol\/Milchzucker) \u00fcber und verst\u00e4rkt sich mit jedem Verd\u00fcnnungsschritt.<\/p>\n<p style=\"text-align: justify;\">In der physikalischen Forschung wird seit l\u00e4ngerem das Ph\u00e4nomen des &#8222;Ged\u00e4chtnisses von Wasser&#8220; sehr kontrovers diskutiert.Das Bild , dass Wasser Information speichern kann, k\u00f6nnte jedoch einfach eine Vorstellungshilfe daf\u00fcr sein, sich in den beschriebenen Dynamisierungsprozess hineindenken zu k\u00f6nnen.<\/p>\n<p style=\"text-align: justify;\">Hom\u00f6opathische Arzneimittel sollen gar nicht im materiellen\/ stofflichen Bereich wirken, sondern im nicht mehr materiellen Raum (Ausnahme:niedrige Potenzen), denn, so das Bild der Hom\u00f6opathen, die Lebenskraft ist ebenfalls nicht materieller Natur.<\/p>\n<p style=\"text-align: justify;\">Eine Behandlung nach klassisch hom\u00f6opathischen Grunds\u00e4tzen beinhaltet:<\/p>\n<ul style=\"text-align: justify;\">\n<li>ein sehr ausf\u00fchrliches Erstgespr\u00e4ch und eine folgende sehr enge Zusammenarbeit mit dem Patienten<\/li>\n<li>die Verabreichung eines hom\u00f6opathischen Mittels zur Zeit und nicht von mehreren gleichzeitig oder von sog. Komplexmitteln (diese enthalten mehrere hom\u00f6opathische Substanzen )<\/li>\n<li>die konsequente Befolgung des oben genannten \u00c4hnlichkeitsprinzips<\/li>\n<li>die ausf\u00fchrliche Ber\u00fccksichtigung aller Eigenarten eines Patienten einschl. famili\u00e4rer Bedingungen und Krankheiten<\/li>\n<li>die Auswahl des passendsten hom\u00f6opathischen Heilmittels unter Ber\u00fccksichtigung der Regeln der klassisch hom\u00f6opathischen Therapie<\/li>\n<\/ul>\n<p style=\"text-align: justify;\">Die Klassische Hom\u00f6opathie eignet sich<\/p>\n<ul style=\"text-align: justify;\">\n<li>\u00a0zur Behandlung von\n<ul>\n<li>akuten und chronischen Krankheiten \/ Beschwerden, z.B. Infekte, Allergien, Rheuma, R\u00fcckenbeschwerden, Schlafst\u00f6rungen, Darmerkrankungen&#8230;<\/li>\n<li>zur Minderung von Nebenwirkungen bei stark belastenden Therapien (Chemotherapie, Strahlentherapie) und zur Begleitung einer konventionellen Therapie bei b\u00f6sartigen Erkrankungen<\/li>\n<li>zur Behandlung vor und nach Operationen ( um Heilungsprozesse zu beschleunigen und Nachwirkungen zu mindern)<\/li>\n<li>zur St\u00e4rkung des Immunsystems<\/li>\n<li>zur Begleitung sog. &#8222;schulmedizinischer&#8220; Therapien bei allen Erkrankungen<\/li>\n<\/ul>\n<\/li>\n<\/ul>\n<p style=\"text-align: justify;\">Die Grenzen der Hom\u00f6opathie liegen dort, wo die Regenerationsf\u00e4higkeit eines Organismus ersch\u00f6pft ist und somit nicht mehr anzufachen ist. Dies kann z.B. in Endstadien schwerer Krankheiten der Fall sein oder dort, wo Organsubstanz <strong>zer<\/strong>st\u00f6rt ist.<\/p>\n<p style=\"text-align: justify;\">\u00dcberall dort, wo K\u00f6rperfunktionen<strong> ge<\/strong>st\u00f6rt sind, kann die Hom\u00f6opathie regulierend eingreifen.<\/p>\n<p style=\"text-align: justify;\">Meine Arbeit als Klassische Hom\u00f6opathin wurde zertifiziert auf der Grundlage der Qualit\u00e4tsrichtlinien der <a href=\"http:\/\/www.homoeopathie-zertifikat.de\/\">Stiftung Hom\u00f6opathie Zertifikat <\/a>(SHZ).<\/p>\n<p style=\"text-align: justify;\">An dieser Stelle m\u00f6chte ich darauf hinweisen, dass auch bei einer hom\u00f6opathischen Behandlung begleitende Untersuchungen ( z.B. des Blutes oder bildgebende Verfahren wie R\u00f6ntgen , MRT etc.) oder auch begleitende Verfahren notwendig sein k\u00f6nnen.<\/p>\n<p style=\"text-align: justify;\"><em>Mein Dank gilt meinem leider viel zu fr\u00fch verstorbenen hom\u00f6opathischen Lehrer Hermann Holstein.<\/em><\/p>\n","protected":false},"excerpt":{"rendered":"<p>Seit ich mich auf die Hom\u00f6opathie eingelassen habe, l\u00e4sst sie mich nicht mehr los. Es fasziniert mich, wie sehr diese Heilmethode die Individualit\u00e4t eines Menschen ber\u00fccksichtigt , wie weitreichend ihre Einsatzm\u00f6glichkeiten sind und wie aktuell der hom\u00f6opathische Ansatz ist. W\u00e4hrend &hellip; <a href=\"https:\/\/online-naturheilpraxis.de\/?page_id=2\">Weiterlesen <span class=\"meta-nav\">&rarr;<\/span><\/a><\/p>\n","protected":false},"author":1,"featured_media":90,"parent":0,"menu_order":0,"comment_status":"closed","ping_status":"open","template":"","meta":{"footnotes":""},"class_list":["post-2","page","type-page","status-publish","has-post-thumbnail","hentry"],"_links":{"self":[{"href":"https:\/\/online-naturheilpraxis.de\/index.php?rest_route=\/wp\/v2\/pages\/2","targetHints":{"allow":["GET"]}}],"collection":[{"href":"https:\/\/online-naturheilpraxis.de\/index.php?rest_route=\/wp\/v2\/pages"}],"about":[{"href":"https:\/\/online-naturheilpraxis.de\/index.php?rest_route=\/wp\/v2\/types\/page"}],"author":[{"embeddable":true,"href":"https:\/\/online-naturheilpraxis.de\/index.php?rest_route=\/wp\/v2\/users\/1"}],"replies":[{"embeddable":true,"href":"https:\/\/online-naturheilpraxis.de\/index.php?rest_route=%2Fwp%2Fv2%2Fcomments&post=2"}],"version-history":[{"count":41,"href":"https:\/\/online-naturheilpraxis.de\/index.php?rest_route=\/wp\/v2\/pages\/2\/revisions"}],"predecessor-version":[{"id":258,"href":"https:\/\/online-naturheilpraxis.de\/index.php?rest_route=\/wp\/v2\/pages\/2\/revisions\/258"}],"wp:featuredmedia":[{"embeddable":true,"href":"https:\/\/online-naturheilpraxis.de\/index.php?rest_route=\/wp\/v2\/media\/90"}],"wp:attachment":[{"href":"https:\/\/online-naturheilpraxis.de\/index.php?rest_route=%2Fwp%2Fv2%2Fmedia&parent=2"}],"curies":[{"name":"wp","href":"https:\/\/api.w.org\/{rel}","templated":true}]}}