{"id":20,"date":"2014-04-18T15:20:11","date_gmt":"2014-04-18T15:20:11","guid":{"rendered":"http:\/\/heilen-mit-homoeopathie.de\/?page_id=20"},"modified":"2023-03-12T14:52:09","modified_gmt":"2023-03-12T14:52:09","slug":"fussreflexzonenmassage","status":"publish","type":"page","link":"https:\/\/online-naturheilpraxis.de\/?page_id=20","title":{"rendered":"Fu\u00dfreflexzonenmassage"},"content":{"rendered":"<h2>Reflexzonentherapie am Fu\u00df<\/h2>\n<p style=\"text-align: left;\">Unsere F\u00fc\u00dfe erden uns<\/p>\n<p><a href=\"https:\/\/online-naturheilpraxis.de\/wp-content\/uploads\/2014\/04\/FussMeran1.jpg\"><img loading=\"lazy\" decoding=\"async\" class=\"alignleft wp-image-141\" src=\"http:\/\/heilen-mit-homoeopathie.de\/wp-content\/uploads\/2014\/04\/FussMeran1-300x224.jpg\" alt=\"Fuss\" width=\"300\" height=\"224\" srcset=\"https:\/\/online-naturheilpraxis.de\/wp-content\/uploads\/2014\/04\/FussMeran1-300x224.jpg 300w, https:\/\/online-naturheilpraxis.de\/wp-content\/uploads\/2014\/04\/FussMeran1-400x300.jpg 400w, https:\/\/online-naturheilpraxis.de\/wp-content\/uploads\/2014\/04\/FussMeran1.jpg 567w\" sizes=\"auto, (max-width: 300px) 100vw, 300px\" \/><\/a>und sie tragen uns durch unser Leben. Sie spiegeln viele Zust\u00e4nde unseres K\u00f6rpers.<\/p>\n<p style=\"text-align: justify;\">Die Reflexzonentherapie am Fu\u00df ist eine Behandlungsform, die sich im Lauf von vielen Jahren aus altem Volkswissen zu einer exakt ausgearbeiteten Spezialtherapie entwickelt hat.<\/p>\n<p style=\"text-align: justify;\">Sie basiert auf der Annahme, dass jedes Organ \u00fcber Energiebahnen mit bestimmten Zonen an den F\u00fc\u00dfen verbunden ist. Eine Behandlung der Zonen mit gezielten Massagegriffen bewirkt eine bessere Durchblutung in dem zugeh\u00f6rigen Organ und kann so eine Heilung oder Verbesserung s\u00e4mtlicher gest\u00f6rter Organ- und Gewebefunktionen des Menschen bewirken.<\/p>\n<p style=\"text-align: justify;\"><a href=\"https:\/\/online-naturheilpraxis.de\/wp-content\/uploads\/2014\/04\/Reflex.jpg\"><img loading=\"lazy\" decoding=\"async\" class=\"alignleft wp-image-75 size-medium\" src=\"https:\/\/online-naturheilpraxis.de\/wp-content\/uploads\/2014\/04\/Reflex-300x183.jpg\" alt=\"Reflex\" width=\"300\" height=\"183\" srcset=\"https:\/\/online-naturheilpraxis.de\/wp-content\/uploads\/2014\/04\/Reflex-300x183.jpg 300w, https:\/\/online-naturheilpraxis.de\/wp-content\/uploads\/2014\/04\/Reflex.jpg 400w\" sizes=\"auto, (max-width: 300px) 100vw, 300px\" \/><\/a>Die Reflexzonentherapie am Fu\u00df erm\u00f6glicht durch den Einsatz der Hand einen ganz pers\u00f6nlichen Zugang zum kranken Menschen und tr\u00e4gt durch ihre entspannende Wirkung sehr zum allgemeinen Wohlbefinden bei. Sie weist bei guter Dosierung keine sch\u00e4digenden Wirkungen auf, denn sie arbeitet mit<\/p>\n<p>der k\u00f6rpereigenen Regenerationskraft.<\/p>\n<div id=\"attachment_76\" style=\"width: 310px\" class=\"wp-caption alignnone\"><a href=\"https:\/\/online-naturheilpraxis.de\/wp-content\/uploads\/2014\/04\/Fu\u00df.jpg\"><img loading=\"lazy\" decoding=\"async\" aria-describedby=\"caption-attachment-76\" class=\"wp-image-76 size-medium\" src=\"https:\/\/online-naturheilpraxis.de\/wp-content\/uploads\/2014\/04\/Fu\u00df-300x220.jpg\" alt=\"Fu\u00df\" width=\"300\" height=\"220\" srcset=\"https:\/\/online-naturheilpraxis.de\/wp-content\/uploads\/2014\/04\/Fu\u00df-300x220.jpg 300w, https:\/\/online-naturheilpraxis.de\/wp-content\/uploads\/2014\/04\/Fu\u00df-407x300.jpg 407w, https:\/\/online-naturheilpraxis.de\/wp-content\/uploads\/2014\/04\/Fu\u00df.jpg 500w\" sizes=\"auto, (max-width: 300px) 100vw, 300px\" \/><\/a><p id=\"caption-attachment-76\" class=\"wp-caption-text\">copyright der Originaltafel Hanne Marquardt<\/p><\/div>\n","protected":false},"excerpt":{"rendered":"<p>Reflexzonentherapie am Fu\u00df Unsere F\u00fc\u00dfe erden uns und sie tragen uns durch unser Leben. Sie spiegeln viele Zust\u00e4nde unseres K\u00f6rpers. Die Reflexzonentherapie am Fu\u00df ist eine Behandlungsform, die sich im Lauf von vielen Jahren aus altem Volkswissen zu einer exakt &hellip; <a href=\"https:\/\/online-naturheilpraxis.de\/?page_id=20\">Weiterlesen <span class=\"meta-nav\">&rarr;<\/span><\/a><\/p>\n","protected":false},"author":1,"featured_media":40,"parent":0,"menu_order":0,"comment_status":"closed","ping_status":"closed","template":"","meta":{"footnotes":""},"class_list":["post-20","page","type-page","status-publish","has-post-thumbnail","hentry"],"_links":{"self":[{"href":"https:\/\/online-naturheilpraxis.de\/index.php?rest_route=\/wp\/v2\/pages\/20","targetHints":{"allow":["GET"]}}],"collection":[{"href":"https:\/\/online-naturheilpraxis.de\/index.php?rest_route=\/wp\/v2\/pages"}],"about":[{"href":"https:\/\/online-naturheilpraxis.de\/index.php?rest_route=\/wp\/v2\/types\/page"}],"author":[{"embeddable":true,"href":"https:\/\/online-naturheilpraxis.de\/index.php?rest_route=\/wp\/v2\/users\/1"}],"replies":[{"embeddable":true,"href":"https:\/\/online-naturheilpraxis.de\/index.php?rest_route=%2Fwp%2Fv2%2Fcomments&post=20"}],"version-history":[{"count":18,"href":"https:\/\/online-naturheilpraxis.de\/index.php?rest_route=\/wp\/v2\/pages\/20\/revisions"}],"predecessor-version":[{"id":259,"href":"https:\/\/online-naturheilpraxis.de\/index.php?rest_route=\/wp\/v2\/pages\/20\/revisions\/259"}],"wp:featuredmedia":[{"embeddable":true,"href":"https:\/\/online-naturheilpraxis.de\/index.php?rest_route=\/wp\/v2\/media\/40"}],"wp:attachment":[{"href":"https:\/\/online-naturheilpraxis.de\/index.php?rest_route=%2Fwp%2Fv2%2Fmedia&parent=20"}],"curies":[{"name":"wp","href":"https:\/\/api.w.org\/{rel}","templated":true}]}}