{"id":25,"date":"2014-04-18T15:28:07","date_gmt":"2014-04-18T15:28:07","guid":{"rendered":"http:\/\/heilen-mit-homoeopathie.de\/?page_id=25"},"modified":"2023-03-12T14:55:10","modified_gmt":"2023-03-12T14:55:10","slug":"ueber-mich","status":"publish","type":"page","link":"https:\/\/online-naturheilpraxis.de\/?page_id=25","title":{"rendered":"\u00dcber mich"},"content":{"rendered":"<p>Auf dem Gesundheitssektor sind die unterschiedlichsten Berufsgruppen und Ausbildungsqualifikationen vertreten.<\/p>\n<p>Ich m\u00f6chte Ihnen daher hiermit einen \u00dcberblick \u00fcber meinen beruflichen Werdegang sowie \u00fcber meine Qualifikationen geben.<\/p>\n<p><a href=\"https:\/\/online-naturheilpraxis.de\/wp-content\/uploads\/2014\/04\/Bild.jpg\"><img loading=\"lazy\" decoding=\"async\" class=\"  alignnone\" src=\"http:\/\/heilen-mit-homoeopathie.de\/wp-content\/uploads\/2014\/04\/Bild-193x300.jpg\" alt=\"\" width=\"193\" height=\"300\" \/><\/a><\/p>\n<ul>\n<li>Arbeit in einer Kinderklinik 1977 bis 1979<\/li>\n<li>Medizinisch-p\u00e4dagogisches Studium 1979 bis 1984 an der Universit\u00e4t Hamburg<\/li>\n<li>Abschluss mit dem Staatsexamen<\/li>\n<li>Seit 1984 Lehrt\u00e4tigkeit in den F\u00e4chern Medizin, Laborkunde u. Arzneimittelkunde bei Auszubildenden in Gesundheitsberufen<\/li>\n<li>Seit 1998 amts\u00e4rztlich gepr\u00fcfte Heilpraktikerin\n<ul>\n<li>2-j\u00e4hrige Ausbildung in Klassischer Hom\u00f6opathie am Similibus Lehrinstitut f\u00fcr Klassische Hom\u00f6opathie, L\u00fcbeck\n<ul>\n<li>zertifiziert nach den Richtlinien der <a href=\"http:\/\/www.homoeopathie-zertifikat.de\/\" target=\"_blank\" rel=\"noopener\">Stiftung Hom\u00f6opathie Zertifikat<\/a> (SHZ) seit 2007<\/li>\n<li>Weiterbildungen unter anderem in den Bereichen\n<ul>\n<li>Hom\u00f6opathie bei Autoimmunerkrankungen , z.B. bestimmte Formen von Schilddr\u00fcsen- und Darmerkrankungen, Rheuma&#8230;<\/li>\n<li>Hom\u00f6opathie bei Hauterkrankungen, z.B.Neurodermitis, Schuppenflechte, Akne&#8230;<\/li>\n<li>Hom\u00f6opathie bei Erkrankungen im Kindesalter<\/li>\n<li>Hom\u00f6opathie bei Krebserkrankungen (oft eine sinnvolle Erg\u00e4nzung der Krebstherapie)<\/li>\n<li>Hom\u00f6opathie bei psychischen Traumatisierungen (begleitend)<\/li>\n<\/ul>\n<\/li>\n<\/ul>\n<\/li>\n<\/ul>\n<\/li>\n<\/ul>\n<ul>\n<li>Ausbildung in Fu\u00dfreflexzonentherapie nach <a href=\"http:\/\/www.marquardt-fussreflex.de\/hanne-marquardt.html\" target=\"_blank\" rel=\"noopener\">Hanne Marquardt<\/a><\/li>\n<\/ul>\n","protected":false},"excerpt":{"rendered":"<p>Auf dem Gesundheitssektor sind die unterschiedlichsten Berufsgruppen und Ausbildungsqualifikationen vertreten. Ich m\u00f6chte Ihnen daher hiermit einen \u00dcberblick \u00fcber meinen beruflichen Werdegang sowie \u00fcber meine Qualifikationen geben. Arbeit in einer Kinderklinik 1977 bis 1979 Medizinisch-p\u00e4dagogisches Studium 1979 bis 1984 an der &hellip; <a href=\"https:\/\/online-naturheilpraxis.de\/?page_id=25\">Weiterlesen <span class=\"meta-nav\">&rarr;<\/span><\/a><\/p>\n","protected":false},"author":1,"featured_media":182,"parent":0,"menu_order":0,"comment_status":"closed","ping_status":"closed","template":"","meta":{"footnotes":""},"class_list":["post-25","page","type-page","status-publish","has-post-thumbnail","hentry"],"_links":{"self":[{"href":"https:\/\/online-naturheilpraxis.de\/index.php?rest_route=\/wp\/v2\/pages\/25","targetHints":{"allow":["GET"]}}],"collection":[{"href":"https:\/\/online-naturheilpraxis.de\/index.php?rest_route=\/wp\/v2\/pages"}],"about":[{"href":"https:\/\/online-naturheilpraxis.de\/index.php?rest_route=\/wp\/v2\/types\/page"}],"author":[{"embeddable":true,"href":"https:\/\/online-naturheilpraxis.de\/index.php?rest_route=\/wp\/v2\/users\/1"}],"replies":[{"embeddable":true,"href":"https:\/\/online-naturheilpraxis.de\/index.php?rest_route=%2Fwp%2Fv2%2Fcomments&post=25"}],"version-history":[{"count":17,"href":"https:\/\/online-naturheilpraxis.de\/index.php?rest_route=\/wp\/v2\/pages\/25\/revisions"}],"predecessor-version":[{"id":260,"href":"https:\/\/online-naturheilpraxis.de\/index.php?rest_route=\/wp\/v2\/pages\/25\/revisions\/260"}],"wp:featuredmedia":[{"embeddable":true,"href":"https:\/\/online-naturheilpraxis.de\/index.php?rest_route=\/wp\/v2\/media\/182"}],"wp:attachment":[{"href":"https:\/\/online-naturheilpraxis.de\/index.php?rest_route=%2Fwp%2Fv2%2Fmedia&parent=25"}],"curies":[{"name":"wp","href":"https:\/\/api.w.org\/{rel}","templated":true}]}}