{"id":4,"date":"2014-04-18T14:46:44","date_gmt":"2014-04-18T14:46:44","guid":{"rendered":"http:\/\/heilen-mit-homoeopathie.de\/?page_id=4"},"modified":"2023-03-12T14:37:39","modified_gmt":"2023-03-12T14:37:39","slug":"impressum","status":"publish","type":"page","link":"https:\/\/online-naturheilpraxis.de\/?page_id=4","title":{"rendered":"Impressum \/ Kontakt"},"content":{"rendered":"<h1>Naturheilpraxis Regina Uilderks<\/h1>\n<p>Heilpraktikerin f\u00fcr Klassische Hom\u00f6opathie (<a href=\"http:\/\/www.homoeopathie-zertifikat.de\/\" target=\"_blank\" rel=\"noopener\">SHZ<\/a>&#8211; zertifiziert), Fu\u00dfreflexzonenmassage und Naturheilverfahren<\/p>\n<p>Pappelring 76<br \/>\n23923 Selmsdorf<br \/>\nTel.: 038823 21784<\/p>\n<p><strong>29.07.2021 Update:Zur Zeit ist keine Terminvergabe m\u00f6glich.<\/strong><\/p>\n<p><b>    <div class=\"exggmap-wrapper is-style-wide\" style=\"aspect-ratio:16 \/ 9\">\r\n      <div class=\"exggmap-mask\" style=\"background-color: #dd9933; color:#fff\">\r\n        <div class=\"exggmap-mask-content\">\r\n        <p class=\"exggmap-caption\">DSGVO MAP<\/p>\r\n            <button style=\"color: #fff; background-color: #693e91; border-color: #fff\"  id=\"exggmap-btn\">Karte, wie Sie zu meiner Praxis kommen, laden. *<\/button>\r\n        <\/div>\r\n              <\/div>\r\n      <iframe\r\n        data-src=\"https:\/\/www.google.com\/maps\/embed?pb=!1m14!1m8!1m3!1d18814.47581557992!2d10.842612!3d53.881815!3m2!1i1024!2i768!4f13.1!3m3!1m2!1s0x47adf5b9b0e87f31%3A0x37aae5f0751794e9!2sRegina%20Uilderks!5e0!3m2!1sde!2sde!4v1678109489080!5m2!1sde!2sde\"\r\n        frameborder=\"0\"\r\n        allowfullscreen=\"\"\r\n        aria-hidden=\"false\"\r\n        tabindex=\"0\">\r\n      <\/iframe>\r\n    <\/div>\r\n    <p class=\"exampp-hints\">\r\n    * Mit dem Laden der Karte akzeptierst du die Datenschutzerkl\u00e4rung von Google.      <a\r\n        target=\"_blank\"\r\n        rel=\"noopener noreferrer\"\r\n        href=\"https:\/\/policies.google.com\/privacy?hl=de\">Mehr erfahren<\/a>\r\n    <\/p>\r\n\t<\/b><\/p>\n<p>Gesetzliche Berufsbezeichnung: Heilpraktikerin (verliehen in der Bundesrepublik Deutschland)<br \/>\nZust\u00e4ndige Aufsichtsbeh\u00f6rde:<\/p>\n<p>Gesundheitsamt Grevesm\u00fchlen<br \/>\nBahnhofstra\u00dfe 79<br \/>\n23936 Grevesm\u00fchlen<\/p>\n<p>Berufsrechtliche Regelungen: Gesetz \u00fcber die berufsm\u00e4\u00dfige Aus\u00fcbung der Heilkunde ohne \u00e4rztliche Bestallung (Heilpraktikergesetz) und Durchf\u00fchrungsverordnung:<br \/>\nNachzulesen im Internet unter <a href=\"mailto:info@online-naturheilpraxis.de\"><br \/>\n<\/a><a href=\"http:\/\/www.gesetze-im-internet.de\/heilprg\/index.html\">http:\/\/www.gesetze-im-internet.de\/heilprg\/index.html<\/a> und<br \/>\nHeilkundliche T\u00e4tigkeit ist von der Umsatzsteuer nach gem\u00e4\u00df \u00a7 4 Nr.14 UStG befreit.<\/p>\n<h2><strong>Kontakt<\/strong><\/h2>\n<div id=\"usermessagea\" class=\"cf_info \"><\/div><form enctype=\"multipart\/form-data\" action=\"\/index.php?rest_route=%2Fwp%2Fv2%2Fpages%2F4#usermessagea\" method=\"post\" class=\"cform dein-standard-formular \" id=\"cformsform\"><ol class=\"cf-ol\"><li id=\"li--1\" class=\"textonly\">Ihre Nachricht an mich:<\/li><li id=\"li--2\" class=\"\"><label id=\"label--2\" for=\"cf_field_2\"><span>Ihr Name<\/span><\/label><input type=\"text\" name=\"cf_field_2\" id=\"cf_field_2\" class=\"single fldrequired\" value=\"\" onfocus=\"clearField(this)\" onblur=\"setField(this)\" title=\"\"\/><span class=\"reqtxt\">(notwendig)<\/span><\/li><li id=\"li--3\" class=\"\"><label id=\"label--3\" for=\"cf_field_3\"><span>E-Mail<\/span><\/label><input type=\"text\" name=\"cf_field_3\" id=\"cf_field_3\" class=\"single fldemail fldrequired\" value=\"\" title=\"\"\/><span class=\"emailreqtxt\">(g\u00fcltige E-Mail-Adresse notwendig)<\/span><\/li><li id=\"li--4\" class=\"\"><label id=\"label--4\" for=\"cf_field_4\"><span>Nachricht<\/span><\/label><textarea cols=\"30\" rows=\"8\" name=\"cf_field_4\" id=\"cf_field_4\" class=\"area fldrequired\" title=\"\"><\/textarea><span class=\"reqtxt\">(notwendig)<\/span><\/li><li id=\"li--5\" class=\"\"><label for=\"cf_field_5\" class=\"secq\"><span>Zehn minus f\u00fcnf ergibt<\/span><\/label><input type=\"text\" name=\"cforms2_question_and_answer\" id=\"cf_field_5\" class=\"secinput fldrequired \" title=\"\"\/><input type=\"hidden\" name=\"cforms2_question_and_answer\/hint\" value=\"2\"\/><\/li><li id=\"li--6\" class=\"\"><label for=\"cf_field_6\" class=\"secq\"><span>CAPTCHA<\/span><\/label><input type=\"text\" name=\"captcha\" id=\"cf_field_6\" class=\"secinput fldrequired \" title=\"\"\/><img decoding=\"async\" class=\"cforms2_really_simple_captcha_img\" alt=\"CAPTCHA\" src=\"https:\/\/online-naturheilpraxis.de\/wp-content\/plugins\/really-simple-captcha\/tmp\/1964455394.png\" \/><span class=\"dashicons dashicons-update captcha-reset\"><\/span><input type=\"hidden\" name=\"captcha\/hint\" value=\"1964455394\"\/><\/li><li id=\"li--7\" class=\"\"><label id=\"label--7\" for=\"cf_field_7\" class=\"cf-before\"><span>Datenschutz gelesen<\/span><\/label><input type=\"checkbox\" name=\"cf_field_7\" id=\"cf_field_7\" class=\"cf-box-b fldrequired\" value=\"|Ich habe die Datenschutzerkl\u00e4rung zur Kenntnis genommen.\" title=\"Bitte best\u00e4tigen Sie, dass Sie die Datenschutzerkl\u00e4rung gelesen haben.\"\/><\/li><\/ol><fieldset class=\"cf_hidden\"><legend>&nbsp;<\/legend><input type=\"hidden\" name=\"cf_working\" id=\"cf_working\" value=\"<span>Einen Moment bitte...<\/span>\"\/><input type=\"hidden\" name=\"cf_failure\" id=\"cf_failure\" value=\"<span>Bitte f\u00fclle die ben\u00f6tigten Felder aus.<\/span>\"\/><input type=\"hidden\" name=\"cf_customerr\" id=\"cf_customerr\" value=\"y\"\/><\/fieldset><p class=\"cf-sb\"><input type=\"submit\" name=\"sendbutton\" id=\"sendbutton\" class=\"sendbutton\" value=\"Absenden\" \/><\/p><\/form>\n<div>\n<h2><\/h2>\n<h2 style=\"text-align: justify;\">Haftung f\u00fcr Inhalte<\/h2>\n<p>Die Inhalte unserer Seiten wurden mit gr\u00f6\u00dfter Sorgfalt erstellt.<br \/>\nF\u00fcr die Richtigkeit, Vollst\u00e4ndigkeit und Aktualit\u00e4t der Inhalte<br \/>\nk\u00f6nnen wir jedoch keine Gew\u00e4hr \u00fcbernehmen.<\/p>\n<p style=\"text-align: justify;\">Als Diensteanbieter sind wir gem\u00e4\u00df \u00a7 7 Abs.1 TMG f\u00fcr<br \/>\neigene Inhalte auf diesen Seiten nach den allgemeinen Gesetzen verantwortlich.<br \/>\nNach \u00a7\u00a7 8 bis 10 TMG sind wir als Diensteanbieter jedoch nicht<br \/>\nverpflichtet, \u00fcbermittelte oder gespeicherte fremde Informationen zu<br \/>\n\u00fcberwachen oder nach Umst\u00e4nden zu forschen, die auf eine rechtswidrige<br \/>\nT\u00e4tigkeit hinweisen. Verpflichtungen zur Entfernung oder Sperrung der<br \/>\nNutzung von Informationen nach den allgemeinen Gesetzen bleiben hiervon<br \/>\nunber\u00fchrt. Eine diesbez\u00fcgliche Haftung ist jedoch erst ab dem<br \/>\nZeitpunkt der Kenntnis einer konkreten Rechtsverletzung m\u00f6glich. Bei<br \/>\nbekannt werden von entsprechenden Rechtsverletzungen werden wir diese Inhalte<br \/>\numgehend entfernen.<\/p>\n<h2 style=\"text-align: justify;\">Haftung f\u00fcr Links<\/h2>\n<p style=\"text-align: justify;\">Unser Angebot enth\u00e4lt Links zu externen Webseiten Dritter, auf deren<br \/>\nInhalte wir keinen Einfluss haben. Deshalb k\u00f6nnen wir f\u00fcr diese<br \/>\nfremden Inhalte auch keine Gew\u00e4hr \u00fcbernehmen. F\u00fcr die Inhalte<br \/>\nder verlinkten Seiten ist stets der jeweilige Anbieter oder Betreiber der<br \/>\nSeiten verantwortlich. Die verlinkten Seiten wurden zum Zeitpunkt der Verlinkung<br \/>\nauf m\u00f6gliche Rechtsverst\u00f6\u00dfe \u00fcberpr\u00fcft. Rechtswidrige<br \/>\nInhalte waren zum Zeitpunkt der Verlinkung nicht erkennbar. Eine permanente<br \/>\ninhaltliche Kontrolle der verlinkten Seiten ist jedoch ohne konkrete Anhaltspunkte<br \/>\neiner Rechtsverletzung nicht zumutbar. Bei bekannt werden von Rechtsverletzungen<br \/>\nwerden wir derartige Links umgehend entfernen.<\/p>\n<h2 style=\"text-align: justify;\">Urheberrecht<\/h2>\n<p style=\"text-align: justify;\">Die durch die Seitenbetreiber erstellten Inhalte und Werke auf diesen Seiten<br \/>\nunterliegen dem deutschen Urheberrecht. Beitr\u00e4ge Dritter sind als solche<br \/>\ngekennzeichnet. Die Vervielf\u00e4ltigung, Bearbeitung, Verbreitung und<br \/>\njede Art der Verwertung au\u00dferhalb der Grenzen des Urheberrechtes bed\u00fcrfen<br \/>\nder schriftlichen Zustimmung des jeweiligen Autors bzw. Erstellers. Downloads<br \/>\nund Kopien dieser Seite sind nur f\u00fcr den privaten, nicht kommerziellen<br \/>\nGebrauch gestattet.<\/p>\n<p style=\"text-align: justify;\">Die Betreiber der Seiten sind bem\u00fcht, stets die Urheberrechte anderer<br \/>\nzu beachten bzw. auf selbst erstellte sowie lizenzfreie Werke zur\u00fcckzugreifen.<\/p>\n<p style=\"text-align: justify;\">Soweit auf unseren Seiten personenbezogene Daten (beispielsweise Name,<br \/>\nAnschrift oder eMail-Adressen) erhoben werden, erfolgt dies soweit m\u00f6glich<br \/>\nstets auf freiwilliger Basis. Die Nutzung der Angebote und Dienste ist,<br \/>\nsoweit m\u00f6glich, stets ohne Angabe personenbezogener Daten m\u00f6glich.<\/p>\n<p style=\"text-align: justify;\">Wir weisen darauf hin, dass die Daten\u00fcbertragung im Internet (z.B.<br \/>\nbei der Kommunikation per E-Mail) Sicherheitsl\u00fccken aufweisen kann.<br \/>\nEin l\u00fcckenloser Schutz der Daten vor dem Zugriff durch Dritte ist nicht<br \/>\nm\u00f6glich.<\/p>\n<p style=\"text-align: justify;\">Der Nutzung von im Rahmen der Impressumspflicht ver\u00f6ffentlichten Kontaktdaten<br \/>\ndurch Dritte zur \u00dcbersendung von nicht ausdr\u00fccklich angeforderter<br \/>\nWerbung und Informationsmaterialien wird hiermit ausdr\u00fccklich widersprochen.<br \/>\nDie Betreiber der Seiten behalten sich ausdr\u00fccklich rechtliche Schritte<br \/>\nim Falle der unverlangten Zusendung von Werbeinformationen, etwa durch Spam-Mails,<br \/>\nvor.<\/p>\n<\/div>\n","protected":false},"excerpt":{"rendered":"<p>Naturheilpraxis Regina Uilderks Heilpraktikerin f\u00fcr Klassische Hom\u00f6opathie (SHZ&#8211; zertifiziert), Fu\u00dfreflexzonenmassage und Naturheilverfahren Pappelring 76 23923 Selmsdorf Tel.: 038823 21784 29.07.2021 Update:Zur Zeit ist keine Terminvergabe m\u00f6glich. Gesetzliche Berufsbezeichnung: Heilpraktikerin (verliehen in der Bundesrepublik Deutschland) Zust\u00e4ndige Aufsichtsbeh\u00f6rde: Gesundheitsamt Grevesm\u00fchlen Bahnhofstra\u00dfe 79 &hellip; <a href=\"https:\/\/online-naturheilpraxis.de\/?page_id=4\">Weiterlesen <span class=\"meta-nav\">&rarr;<\/span><\/a><\/p>\n","protected":false},"author":1,"featured_media":117,"parent":0,"menu_order":3,"comment_status":"closed","ping_status":"open","template":"","meta":{"footnotes":""},"class_list":["post-4","page","type-page","status-publish","has-post-thumbnail","hentry"],"_links":{"self":[{"href":"https:\/\/online-naturheilpraxis.de\/index.php?rest_route=\/wp\/v2\/pages\/4","targetHints":{"allow":["GET"]}}],"collection":[{"href":"https:\/\/online-naturheilpraxis.de\/index.php?rest_route=\/wp\/v2\/pages"}],"about":[{"href":"https:\/\/online-naturheilpraxis.de\/index.php?rest_route=\/wp\/v2\/types\/page"}],"author":[{"embeddable":true,"href":"https:\/\/online-naturheilpraxis.de\/index.php?rest_route=\/wp\/v2\/users\/1"}],"replies":[{"embeddable":true,"href":"https:\/\/online-naturheilpraxis.de\/index.php?rest_route=%2Fwp%2Fv2%2Fcomments&post=4"}],"version-history":[{"count":19,"href":"https:\/\/online-naturheilpraxis.de\/index.php?rest_route=\/wp\/v2\/pages\/4\/revisions"}],"predecessor-version":[{"id":254,"href":"https:\/\/online-naturheilpraxis.de\/index.php?rest_route=\/wp\/v2\/pages\/4\/revisions\/254"}],"wp:featuredmedia":[{"embeddable":true,"href":"https:\/\/online-naturheilpraxis.de\/index.php?rest_route=\/wp\/v2\/media\/117"}],"wp:attachment":[{"href":"https:\/\/online-naturheilpraxis.de\/index.php?rest_route=%2Fwp%2Fv2%2Fmedia&parent=4"}],"curies":[{"name":"wp","href":"https:\/\/api.w.org\/{rel}","templated":true}]}}