{"id":85,"date":"2014-04-19T13:33:04","date_gmt":"2014-04-19T13:33:04","guid":{"rendered":"http:\/\/heilen-mit-homoeopathie.de\/?page_id=85"},"modified":"2023-03-12T14:53:32","modified_gmt":"2023-03-12T14:53:32","slug":"homoeopathie-und-tiere","status":"publish","type":"page","link":"https:\/\/online-naturheilpraxis.de\/?page_id=85","title":{"rendered":"Hom\u00f6opathie und Tiere"},"content":{"rendered":"<p><a href=\"https:\/\/online-naturheilpraxis.de\/wp-content\/uploads\/2014\/04\/Hund.jpg\"><img loading=\"lazy\" decoding=\"async\" class=\"alignnone wp-image-82 size-medium\" src=\"https:\/\/online-naturheilpraxis.de\/wp-content\/uploads\/2014\/04\/Hund-300x199.jpg\" alt=\"Hund und Therapeutin\" width=\"300\" height=\"199\" srcset=\"https:\/\/online-naturheilpraxis.de\/wp-content\/uploads\/2014\/04\/Hund-300x199.jpg 300w, https:\/\/online-naturheilpraxis.de\/wp-content\/uploads\/2014\/04\/Hund-451x300.jpg 451w, https:\/\/online-naturheilpraxis.de\/wp-content\/uploads\/2014\/04\/Hund.jpg 567w\" sizes=\"auto, (max-width: 300px) 100vw, 300px\" \/><\/a><\/p>\n<p>Hunde begleiten mich seit ca. 30 Jahren und ich habe zahlreiche Erfahrungen mit der wohltuenden Wirkung hom\u00f6opathischer Mittel bei meinen Hunden und seit einiger Zeit auch bei Pferden machen d\u00fcrfen.<\/p>\n<p><strong>Auf dieser Seite werden Sie Beitr\u00e4ge finden zu dem Themenbereich \u00a0 &#8222;Hom\u00f6opathie und Tiere&#8220; sowie zu Naturheilverfahren bei Tieren.<br \/>\n<\/strong><\/p>\n<p>Diese <a href=\"http:\/\/orgprints.org\/3153\/1\/Brodo1_Oel.pdf\" target=\"_blank\" rel=\"noopener\">Studie <\/a>vergleicht im Fall von Mastitiden (Euterentz\u00fcndungen) bei K\u00fchen die Wirksamkeit von hom\u00f6opathischen Mitteln\u00a0 mit der Wirksamkeit von Antibiotika.<\/p>\n<p>Hier finden Sie ein aktuelles <a href=\"http:\/\/www.2014.jugend-forscht-bayern.de\/index.php?id=1252\" target=\"_blank\" rel=\"noopener\">Forschungsvorhaben <\/a>eines jungen Forschers (Bundeswettbewerb &#8222;Jugend forscht&#8220; ) zum Einsatz von Schwarzk\u00fcmmel\u00f6l als nat\u00fcrlichen Schutz vor Zeckenbefall.<\/p>\n","protected":false},"excerpt":{"rendered":"<p>Hunde begleiten mich seit ca. 30 Jahren und ich habe zahlreiche Erfahrungen mit der wohltuenden Wirkung hom\u00f6opathischer Mittel bei meinen Hunden und seit einiger Zeit auch bei Pferden machen d\u00fcrfen. Auf dieser Seite werden Sie Beitr\u00e4ge finden zu dem Themenbereich &hellip; <a href=\"https:\/\/online-naturheilpraxis.de\/?page_id=85\">Weiterlesen <span class=\"meta-nav\">&rarr;<\/span><\/a><\/p>\n","protected":false},"author":1,"featured_media":170,"parent":0,"menu_order":0,"comment_status":"closed","ping_status":"closed","template":"","meta":{"footnotes":""},"class_list":["post-85","page","type-page","status-publish","has-post-thumbnail","hentry"],"_links":{"self":[{"href":"https:\/\/online-naturheilpraxis.de\/index.php?rest_route=\/wp\/v2\/pages\/85","targetHints":{"allow":["GET"]}}],"collection":[{"href":"https:\/\/online-naturheilpraxis.de\/index.php?rest_route=\/wp\/v2\/pages"}],"about":[{"href":"https:\/\/online-naturheilpraxis.de\/index.php?rest_route=\/wp\/v2\/types\/page"}],"author":[{"embeddable":true,"href":"https:\/\/online-naturheilpraxis.de\/index.php?rest_route=\/wp\/v2\/users\/1"}],"replies":[{"embeddable":true,"href":"https:\/\/online-naturheilpraxis.de\/index.php?rest_route=%2Fwp%2Fv2%2Fcomments&post=85"}],"version-history":[{"count":8,"href":"https:\/\/online-naturheilpraxis.de\/index.php?rest_route=\/wp\/v2\/pages\/85\/revisions"}],"predecessor-version":[{"id":261,"href":"https:\/\/online-naturheilpraxis.de\/index.php?rest_route=\/wp\/v2\/pages\/85\/revisions\/261"}],"wp:featuredmedia":[{"embeddable":true,"href":"https:\/\/online-naturheilpraxis.de\/index.php?rest_route=\/wp\/v2\/media\/170"}],"wp:attachment":[{"href":"https:\/\/online-naturheilpraxis.de\/index.php?rest_route=%2Fwp%2Fv2%2Fmedia&parent=85"}],"curies":[{"name":"wp","href":"https:\/\/api.w.org\/{rel}","templated":true}]}}